{"id":172,"date":"2024-01-23T15:58:03","date_gmt":"2024-01-23T15:58:03","guid":{"rendered":"https:\/\/phibee.krealys.com\/?page_id=172"},"modified":"2024-02-20T13:50:38","modified_gmt":"2024-02-20T13:50:38","slug":"mentions-legales","status":"publish","type":"page","link":"https:\/\/www.phibee.net\/index.php\/mentions-legales\/","title":{"rendered":"Imprint"},"content":{"rendered":"<p>[et_pb_section fb_built=\u00a0\u00bb1&Prime; admin_label=\u00a0\u00bbHeader\u00a0\u00bb _builder_version=\u00a0\u00bb4.24.0&Prime; _module_preset=\u00a0\u00bbdefault\u00a0\u00bb background_color=\u00a0\u00bb#0D497A\u00a0\u00bb background_enable_image=\u00a0\u00bboff\u00a0\u00bb background_position=\u00a0\u00bbtop_left\u00a0\u00bb background_enable_mask_style=\u00a0\u00bbon\u00a0\u00bb background_mask_style=\u00a0\u00bbdiagonal-pills\u00a0\u00bb background_mask_size=\u00a0\u00bbcover\u00a0\u00bb custom_padding=\u00a0\u00bb0px||0px||false|false\u00a0\u00bb locked=\u00a0\u00bboff\u00a0\u00bb collapsed=\u00a0\u00bbon\u00a0\u00bb global_colors_info=\u00a0\u00bb{}\u00a0\u00bb][et_pb_row column_structure=\u00a0\u00bb1_3,2_3&Prime; _builder_version=\u00a0\u00bb4.24.0&Prime; _module_preset=\u00a0\u00bbdefault\u00a0\u00bb custom_padding=\u00a0\u00bb||0px||false|false\u00a0\u00bb global_colors_info=\u00a0\u00bb{}\u00a0\u00bb][et_pb_column type=\u00a0\u00bb1_3&Prime; _builder_version=\u00a0\u00bb4.19.1&Prime; _module_preset=\u00a0\u00bbdefault\u00a0\u00bb global_colors_info=\u00a0\u00bb{}\u00a0\u00bb][et_pb_image src=\u00a0\u00bbhttps:\/\/phibee.krealys.com\/wp-content\/uploads\/2024\/01\/logo-phibee-telecom.png\u00a0\u00bb title_text=\u00a0\u00bblogo-phibee-telecom\u00a0\u00bb _builder_version=\u00a0\u00bb4.24.0&Prime; _module_preset=\u00a0\u00bbdefault\u00a0\u00bb global_colors_info=\u00a0\u00bb{}\u00a0\u00bb][\/et_pb_image][\/et_pb_column][et_pb_column type=\u00a0\u00bb2_3&Prime; _builder_version=\u00a0\u00bb4.19.1&Prime; _module_preset=\u00a0\u00bbdefault\u00a0\u00bb global_colors_info=\u00a0\u00bb{}\u00a0\u00bb][\/et_pb_column][\/et_pb_row][et_pb_row column_structure=\u00a0\u00bb2_3,1_3&Prime; use_custom_gutter=\u00a0\u00bbon\u00a0\u00bb gutter_width=\u00a0\u00bb1&Prime; _builder_version=\u00a0\u00bb4.24.0&Prime; _module_preset=\u00a0\u00bbdefault\u00a0\u00bb custom_padding=\u00a0\u00bb||0px||false|false\u00a0\u00bb global_colors_info=\u00a0\u00bb{}\u00a0\u00bb][et_pb_column type=\u00a0\u00bb2_3&Prime; _builder_version=\u00a0\u00bb4.19.1&Prime; _module_preset=\u00a0\u00bbdefault\u00a0\u00bb global_colors_info=\u00a0\u00bb{}\u00a0\u00bb][et_pb_text _builder_version=\u00a0\u00bb4.24.0&Prime; _module_preset=\u00a0\u00bbdefault\u00a0\u00bb text_font=\u00a0\u00bbAnton||||||||\u00a0\u00bb text_text_color=\u00a0\u00bb#2B6FAF\u00a0\u00bb text_font_size=\u00a0\u00bb53px\u00a0\u00bb text_letter_spacing=\u00a0\u00bb2px\u00a0\u00bb text_line_height=\u00a0\u00bb1em\u00a0\u00bb animation_style=\u00a0\u00bbslide\u00a0\u00bb text_text_color_tablet=\u00a0\u00bb#2B6FAF\u00a0\u00bb text_text_color_phone=\u00a0\u00bb#2B6FAF\u00a0\u00bb text_text_color_last_edited=\u00a0\u00bbon|desktop\u00a0\u00bb inline_fonts=\u00a0\u00bbBaloo Tammudu 2,Wallpoet,Miriam Libre\u00a0\u00bb global_colors_info=\u00a0\u00bb{}\u00a0\u00bb]<\/p>\n<p><span style=\"font-family: Miriam Libre; font-weight: normal;\"><strong>CUSTOM SOLUTIONS<\/strong><\/span><\/p>\n<p>[\/et_pb_text][et_pb_text _builder_version=\u00a0\u00bb4.24.0&Prime; _module_preset=\u00a0\u00bbdefault\u00a0\u00bb text_font=\u00a0\u00bbAnton||||||||\u00a0\u00bb text_text_color=\u00a0\u00bb#2B6FAF\u00a0\u00bb text_font_size=\u00a0\u00bb42px\u00a0\u00bb text_letter_spacing=\u00a0\u00bb2px\u00a0\u00bb text_line_height=\u00a0\u00bb1em\u00a0\u00bb animation_style=\u00a0\u00bbslide\u00a0\u00bb animation_delay=\u00a0\u00bb350ms\u00a0\u00bb hover_enabled=\u00a0\u00bb0&Prime; inline_fonts=\u00a0\u00bbAbel\u00a0\u00bb global_colors_info=\u00a0\u00bb{}\u00a0\u00bb sticky_enabled=\u00a0\u00bb0&Prime;]<span style=\"color: #888888; font-family: Abel; font-weight: normal;\">Custom solutions for<br \/>\n<\/span><span style=\"color: #888888; font-family: Abel; font-weight: normal;\">Network Operators and<br \/>\nManaged Services Providers<br \/>\n<\/span>[\/et_pb_text][et_pb_menu menu_style=\u00a0\u00bbcentered\u00a0\u00bb disabled_on=\u00a0\u00bbon|off|off\u00a0\u00bb _builder_version=\u00a0\u00bb4.24.0&Prime; _module_preset=\u00a0\u00bbdefault\u00a0\u00bb menu_text_color=\u00a0\u00bb#2B6FAF\u00a0\u00bb menu_font_size=\u00a0\u00bb20px\u00a0\u00bb width=\u00a0\u00bb60%\u00a0\u00bb custom_margin=\u00a0\u00bb40px||||false|false\u00a0\u00bb custom_padding=\u00a0\u00bb|||20px|false|false\u00a0\u00bb animation_style=\u00a0\u00bbfade\u00a0\u00bb animation_delay=\u00a0\u00bb1500ms\u00a0\u00bb border_radii=\u00a0\u00bbon|40px|40px|40px|40px\u00a0\u00bb border_width_all=\u00a0\u00bb2px\u00a0\u00bb border_color_all=\u00a0\u00bb#2B6FAF\u00a0\u00bb global_colors_info=\u00a0\u00bb{}\u00a0\u00bb][\/et_pb_menu][\/et_pb_column][et_pb_column type=\u00a0\u00bb1_3&Prime; _builder_version=\u00a0\u00bb4.19.1&Prime; _module_preset=\u00a0\u00bbdefault\u00a0\u00bb global_colors_info=\u00a0\u00bb{}\u00a0\u00bb][et_pb_image src=\u00a0\u00bbhttps:\/\/phibee.krealys.com\/wp-content\/uploads\/2024\/01\/phibee-telecom-6.jpg\u00a0\u00bb title_text=\u00a0\u00bbphibee-telecom-6&Prime; align=\u00a0\u00bbright\u00a0\u00bb _builder_version=\u00a0\u00bb4.24.0&Prime; _module_preset=\u00a0\u00bbdefault\u00a0\u00bb custom_margin=\u00a0\u00bb0px||||false|false\u00a0\u00bb custom_padding=\u00a0\u00bb0px||50px||false|false\u00a0\u00bb animation_style=\u00a0\u00bbroll\u00a0\u00bb animation_delay=\u00a0\u00bb400ms\u00a0\u00bb animation_intensity_roll=\u00a0\u00bb34%\u00a0\u00bb border_radii=\u00a0\u00bbon|500px|500px|500px|500px\u00a0\u00bb border_width_all=\u00a0\u00bb15px\u00a0\u00bb border_color_all=\u00a0\u00bb#888888&Prime; locked=\u00a0\u00bboff\u00a0\u00bb global_colors_info=\u00a0\u00bb{}\u00a0\u00bb][\/et_pb_image][\/et_pb_column][\/et_pb_row][\/et_pb_section][et_pb_section fb_built=\u00a0\u00bb1&Prime; admin_label=\u00a0\u00bbFeatures\u00a0\u00bb _builder_version=\u00a0\u00bb4.24.0&Prime; _module_preset=\u00a0\u00bbdefault\u00a0\u00bb use_background_color_gradient=\u00a0\u00bbon\u00a0\u00bb background_color_gradient_direction=\u00a0\u00bb90deg\u00a0\u00bb background_color_gradient_stops=\u00a0\u00bb#2b6faf 48%|#2b6faf 55%\u00a0\u00bb custom_padding=\u00a0\u00bb0px||0px||true|false\u00a0\u00bb locked=\u00a0\u00bboff\u00a0\u00bb collapsed=\u00a0\u00bbon\u00a0\u00bb global_colors_info=\u00a0\u00bb{}\u00a0\u00bb][et_pb_row column_structure=\u00a0\u00bb1_3,1_3,1_3&Prime; use_custom_gutter=\u00a0\u00bbon\u00a0\u00bb gutter_width=\u00a0\u00bb1&Prime; make_equal=\u00a0\u00bbon\u00a0\u00bb _builder_version=\u00a0\u00bb4.24.0&Prime; _module_preset=\u00a0\u00bbdefault\u00a0\u00bb custom_padding=\u00a0\u00bb0px||0px||true|false\u00a0\u00bb global_colors_info=\u00a0\u00bb{}\u00a0\u00bb][et_pb_column type=\u00a0\u00bb1_3&Prime; _builder_version=\u00a0\u00bb4.24.0&Prime; _module_preset=\u00a0\u00bbdefault\u00a0\u00bb background_color=\u00a0\u00bb#2B6FAF\u00a0\u00bb custom_padding=\u00a0\u00bb50px|50px|50px||true|false\u00a0\u00bb custom_padding_tablet=\u00a0\u00bb30px|30px|30px|30px|true|true\u00a0\u00bb custom_padding_phone=\u00a0\u00bb20px|20px|20px|20px|true|true\u00a0\u00bb custom_padding_last_edited=\u00a0\u00bbon|tablet\u00a0\u00bb global_colors_info=\u00a0\u00bb{}\u00a0\u00bb][et_pb_blurb title=\u00a0\u00bb+33-426847860&Prime; url=\u00a0\u00bbtel:+33426847860&Prime; use_icon=\u00a0\u00bbon\u00a0\u00bb font_icon=\u00a0\u00bb&#xf879;||fa||900&Prime; _builder_version=\u00a0\u00bb4.24.0&Prime; _module_preset=\u00a0\u00bba2ecf3b8-dcdd-46ca-8902-4d5d8ef19bdc\u00a0\u00bb header_level=\u00a0\u00bbh6&Prime; header_font=\u00a0\u00bbMiriam Libre|600|||||||\u00a0\u00bb header_font_size=\u00a0\u00bb33px\u00a0\u00bb header_letter_spacing=\u00a0\u00bb2px\u00a0\u00bb animation_style=\u00a0\u00bbfade\u00a0\u00bb header_font_size_tablet=\u00a0\u00bb33px\u00a0\u00bb header_font_size_phone=\u00a0\u00bb26px\u00a0\u00bb header_font_size_last_edited=\u00a0\u00bbon|phone\u00a0\u00bb locked=\u00a0\u00bboff\u00a0\u00bb global_colors_info=\u00a0\u00bb{}\u00a0\u00bb][\/et_pb_blurb][\/et_pb_column][et_pb_column type=\u00a0\u00bb1_3&Prime; _builder_version=\u00a0\u00bb4.24.0&Prime; _module_preset=\u00a0\u00bbdefault\u00a0\u00bb background_color=\u00a0\u00bb#ACDAE7&Prime; custom_padding=\u00a0\u00bb50px|25px|50px|25px|true|true\u00a0\u00bb custom_padding_tablet=\u00a0\u00bb30px|30px|30px|30px|true|true\u00a0\u00bb custom_padding_phone=\u00a0\u00bb20px|20px|20px|20px|true|true\u00a0\u00bb custom_padding_last_edited=\u00a0\u00bbon|tablet\u00a0\u00bb global_colors_info=\u00a0\u00bb{}\u00a0\u00bb][et_pb_social_media_follow use_icon_font_size=\u00a0\u00bbon\u00a0\u00bb icon_font_size=\u00a0\u00bb24px\u00a0\u00bb _builder_version=\u00a0\u00bb4.24.0&Prime; _module_preset=\u00a0\u00bbdefault\u00a0\u00bb background_color=\u00a0\u00bbRGBA(255,255,255,0)\u00a0\u00bb text_orientation=\u00a0\u00bbcenter\u00a0\u00bb animation_style=\u00a0\u00bbfade\u00a0\u00bb animation_delay=\u00a0\u00bb500ms\u00a0\u00bb global_colors_info=\u00a0\u00bb{}\u00a0\u00bb][et_pb_social_media_follow_network social_network=\u00a0\u00bblinkedin\u00a0\u00bb url=\u00a0\u00bbhttps:\/\/www.linkedin.com\/company\/phibee-telecom-sarl\/about\/\u00a0\u00bb _builder_version=\u00a0\u00bb4.24.0&Prime; _module_preset=\u00a0\u00bbdefault\u00a0\u00bb background_color=\u00a0\u00bb#007bb6&Prime; global_colors_info=\u00a0\u00bb{}\u00a0\u00bb follow_button=\u00a0\u00bboff\u00a0\u00bb url_new_window=\u00a0\u00bbon\u00a0\u00bb]linkedin[\/et_pb_social_media_follow_network][et_pb_social_media_follow_network social_network=\u00a0\u00bbtwitter\u00a0\u00bb url=\u00a0\u00bbhttps:\/\/twitter.com\/PhibeeTelecom\u00a0\u00bb _builder_version=\u00a0\u00bb4.24.0&Prime; _module_preset=\u00a0\u00bbdefault\u00a0\u00bb background_color=\u00a0\u00bb#000000&Prime; global_colors_info=\u00a0\u00bb{}\u00a0\u00bb follow_button=\u00a0\u00bboff\u00a0\u00bb url_new_window=\u00a0\u00bbon\u00a0\u00bb]X[\/et_pb_social_media_follow_network][\/et_pb_social_media_follow][\/et_pb_column][et_pb_column type=\u00a0\u00bb1_3&Prime; _builder_version=\u00a0\u00bb4.24.0&Prime; _module_preset=\u00a0\u00bbdefault\u00a0\u00bb background_color=\u00a0\u00bb#2B6FAF\u00a0\u00bb custom_padding=\u00a0\u00bb50px||50px|50px|true|false\u00a0\u00bb custom_padding_tablet=\u00a0\u00bb30px|30px|30px|30px|true|true\u00a0\u00bb custom_padding_phone=\u00a0\u00bb20px|20px|20px|20px|true|true\u00a0\u00bb custom_padding_last_edited=\u00a0\u00bbon|tablet\u00a0\u00bb global_colors_info=\u00a0\u00bb{}\u00a0\u00bb][et_pb_blurb title=\u00a0\u00bbinfo@phibee.net\u00a0\u00bb url=\u00a0\u00bbmailto:info@phibee.net\u00a0\u00bb use_icon=\u00a0\u00bbon\u00a0\u00bb font_icon=\u00a0\u00bb&#xf0e0;||fa||900&Prime; _builder_version=\u00a0\u00bb4.24.0&Prime; _module_preset=\u00a0\u00bba2ecf3b8-dcdd-46ca-8902-4d5d8ef19bdc\u00a0\u00bb header_level=\u00a0\u00bbh6&Prime; header_font=\u00a0\u00bbMiriam Libre|600|||||||\u00a0\u00bb header_font_size=\u00a0\u00bb32px\u00a0\u00bb header_letter_spacing=\u00a0\u00bb2px\u00a0\u00bb animation_style=\u00a0\u00bbfade\u00a0\u00bb animation_delay=\u00a0\u00bb1000ms\u00a0\u00bb header_font_size_tablet=\u00a0\u00bb32px\u00a0\u00bb header_font_size_phone=\u00a0\u00bb26px\u00a0\u00bb header_font_size_last_edited=\u00a0\u00bbon|phone\u00a0\u00bb locked=\u00a0\u00bboff\u00a0\u00bb global_colors_info=\u00a0\u00bb{}\u00a0\u00bb][\/et_pb_blurb][\/et_pb_column][\/et_pb_row][\/et_pb_section][et_pb_section fb_built=\u00a0\u00bb1&Prime; admin_label=\u00a0\u00bbCourses\u00a0\u00bb _builder_version=\u00a0\u00bb4.24.0&Prime; _module_preset=\u00a0\u00bbdefault\u00a0\u00bb saved_tabs=\u00a0\u00bball\u00a0\u00bb collapsed=\u00a0\u00bbon\u00a0\u00bb global_colors_info=\u00a0\u00bb{}\u00a0\u00bb][et_pb_row _builder_version=\u00a0\u00bb4.24.0&Prime; _module_preset=\u00a0\u00bbdefault\u00a0\u00bb global_colors_info=\u00a0\u00bb{}\u00a0\u00bb][et_pb_column type=\u00a0\u00bb4_4&Prime; _builder_version=\u00a0\u00bb4.24.0&Prime; _module_preset=\u00a0\u00bbdefault\u00a0\u00bb global_colors_info=\u00a0\u00bb{}\u00a0\u00bb][et_pb_text _builder_version=\u00a0\u00bb4.24.0&Prime; _module_preset=\u00a0\u00bbdefault\u00a0\u00bb global_colors_info=\u00a0\u00bb{}\u00a0\u00bb]<\/p>\n<h6><strong>1. General information:<\/strong><\/h6>\n<h6>Phibee Telecom: J\u00e9rome SCHEVINGT<br \/>1415C Route de Comberigol<br \/>42320 La Grand Croix<br \/>Tel :+33-426847860<br \/>info@phibee.net<br \/>SIRET (<a href=\"https:\/\/www.societe.com\/etablissements\/phibee-telecom-537507022.html\">si\u00e8ge<\/a>): <span style=\"mso-ligatures: none; mso-fareast-language: DE;\"><\/span><span class=\"copynumbercopy\">53750702200045<\/span><br \/>APE CODE: <span style=\"mso-ligatures: none; mso-fareast-language: DE;\" lang=\"FR\">Conseil en syst\u00e8mes et logiciels informatiques (6202A) <\/span><\/h6>\n<h6>Edition: Creation of the website<br \/>Krealys, Magali HAMAJDUK<br \/>6 B rue du Docteur Maurice Thiollier<br \/>42100 SAINT-ETIENNE<br \/>06 74 91 86 88<br \/>contact@krealys.com<\/h6>\n<h6>Mediator reference:<br \/>J\u00e9rome SCHEVINGT<br \/>1415C Route de Comberigol<br \/>42320 La Grand Croix<br \/>Tel :+33-426847860<br \/>info@phibee.net<\/h6>\n<h6>Website hosting <a href=\"http:\/\/www.phibee.net\">www.phibee.net<\/a><\/h6>\n<h6><strong><br \/>2. Purpose of the site:<\/strong><\/h6>\n<h6>www.phibee.net site aims to present its activities in a clear and precise manner, by offering users detailed explanations on the different products and services provided by the company.<\/h6>\n<h6>\u00a0<\/h6>\n<h6><strong>3. Intellectual property, industrial property and reproduction rights:<\/strong><\/h6>\n<h6>The graphic presentation, the domain name as well as each of the elements present on the site www.phibee.net such as brands, logos, drawings, photographs, texts, illustrations and other files, are protected by French and international laws relating to the intellectual property and industrial property, and belong to the company Phibee Telecom or are subject to authorization for use. Consequently, the brands mentioned on this site are registered by the companies which own them. In application of these laws, all reproduction rights are reserved, including for iconographic and photographic representations as well as for downloadable documents. Any exploitation, distribution, reproduction, modification or republishing of all or part of this site on any electronic or paper medium is formally prohibited, without express authorization from the publication director. Any unauthorized use by the company constitutes an infringement punishable under the legislation relating to intellectual property (articles L. 122-4 and L. 335-2 et seq. of the Intellectual Property Code). Only copying for private use is authorized; by private copy, we mean a lawful, private and non-commercial use of one or more elements of the site intended for a computer or any other strictly personal medium.<\/h6>\n<h6>\u00a0<\/h6>\n<h6><strong>4.Protection of personal data:<\/strong><\/h6>\n<h6>When consulting the site www.phibee.net, the user may be asked to identify themselves using the form mentioned in the \u201cContact\u201d section. Indeed, the collection of information proves to be essential to respond as precisely as possible, by email or telephone, to your questions or commercial requests submitted on our site. And in accordance with law n\u00b078-17 of January 6, 1978, at any time, you have a right of opposition (article 38), a right of access (article 39) and a right to rectification (article 40) of data concerning you. You can exercise these rights with J\u00e9rome SCHEVINGT by email: <a href=\"mailto:info@phibee.net\">info@phibee.net<\/a><br \/>Personal data will be deleted after 6 months.<\/h6>\n<h6>\u00a0<\/h6>\n<h6><strong>5. Hypertext links:<\/strong><\/h6>\n<h6>\u00a0<\/h6>\n<h6>The site www.phibee.net may offer links (\u201chypertext links\u201d) to other sites likely to be of interest to the user, which are, unless otherwise stated, independent of the www.phibee.net site. These hypertext links, established towards other sites, cannot in any way engage the responsibility of krealys. The Phibee Telecom company cannot therefore be held responsible for the content, products, information or services that these sites may offer.<\/h6>\n<h6><strong><\/strong><\/h6>\n<h6><strong>6. Limits of liability:<\/strong><\/h6>\n<h6>Phibee Telecom strives to regularly update the content of the site in order to provide the user with accurate and precise information. However, the information published on this site is not contractual in nature and can in no way engage the liability of Phibee Telecom. In particular, the Krealys company cannot be held liable in the event of inaccuracies or omissions concerning the information published on this site; if such omissions or inaccuracies arise, the user has the option of reporting them to the following address:\u00a0<a href=\"mailto:info@phibee.net\">info@phibee.net<\/a><\/h6>\n<p>&nbsp;<\/p>\n<h6><strong>7. Updating the site and conditions of access:<\/strong><\/h6>\n<h6>Phibee Teleocm reserves the right to modify at any time and without notice this \u201cLegal notices\u201d section as well as all elements or products present on the site www.phibee.net. Any person having access to this site must read the aforementioned conditions of access, and, more generally, this section, \u201cLegal notices\u201d. It is also appropriate to draw attention to the fact that, among the services offered on this site, some may include conditions<\/h6>\n<p>[\/et_pb_text][\/et_pb_column][\/et_pb_row][\/et_pb_section]<\/p>\n","protected":false},"excerpt":{"rendered":"<p>CUSTOM SOLUTIONSCustom solutions for Network Operators and Managed Services Providers 1. General information: Phibee Telecom: J\u00e9rome SCHEVINGT1415C Route de Comberigol42320 La Grand CroixTel :+33-426847860info@phibee.netSIRET (si\u00e8ge): 53750702200045APE CODE: Conseil en syst\u00e8mes et logiciels informatiques (6202A) Edition: Creation of the websiteKrealys, Magali HAMAJDUK6 B rue du Docteur Maurice Thiollier42100 SAINT-ETIENNE06 74 91 86 88contact@krealys.com Mediator reference:J\u00e9rome SCHEVINGT1415C [&hellip;]<\/p>\n","protected":false},"author":1,"featured_media":0,"parent":0,"menu_order":0,"comment_status":"closed","ping_status":"closed","template":"","meta":{"_et_pb_use_builder":"on","_et_pb_old_content":"<!-- wp:divi\/placeholder \/-->","_et_gb_content_width":"","footnotes":""},"class_list":["post-172","page","type-page","status-publish","hentry"],"_links":{"self":[{"href":"https:\/\/www.phibee.net\/index.php\/wp-json\/wp\/v2\/pages\/172","targetHints":{"allow":["GET"]}}],"collection":[{"href":"https:\/\/www.phibee.net\/index.php\/wp-json\/wp\/v2\/pages"}],"about":[{"href":"https:\/\/www.phibee.net\/index.php\/wp-json\/wp\/v2\/types\/page"}],"author":[{"embeddable":true,"href":"https:\/\/www.phibee.net\/index.php\/wp-json\/wp\/v2\/users\/1"}],"replies":[{"embeddable":true,"href":"https:\/\/www.phibee.net\/index.php\/wp-json\/wp\/v2\/comments?post=172"}],"version-history":[{"count":11,"href":"https:\/\/www.phibee.net\/index.php\/wp-json\/wp\/v2\/pages\/172\/revisions"}],"predecessor-version":[{"id":354,"href":"https:\/\/www.phibee.net\/index.php\/wp-json\/wp\/v2\/pages\/172\/revisions\/354"}],"wp:attachment":[{"href":"https:\/\/www.phibee.net\/index.php\/wp-json\/wp\/v2\/media?parent=172"}],"curies":[{"name":"wp","href":"https:\/\/api.w.org\/{rel}","templated":true}]}}